{"id":765,"date":"2023-07-03T11:32:32","date_gmt":"2023-07-03T09:32:32","guid":{"rendered":"http:\/\/artiflor.es\/?page_id=765"},"modified":"2026-03-26T14:04:40","modified_gmt":"2026-03-26T13:04:40","slug":"politica-de-cookies","status":"publish","type":"page","link":"https:\/\/www.artiflor.es\/es\/politica-de-cookies\/","title":{"rendered":"Pol\u00edtica de cookies"},"content":{"rendered":"<div data-elementor-type=\"wp-page\" data-elementor-id=\"765\" class=\"elementor elementor-765\" data-elementor-post-type=\"page\">\n\t\t\t\t\t\t<section class=\"elementor-section elementor-top-section elementor-element elementor-element-ee778ef elementor-section-boxed elementor-section-height-default elementor-section-height-default\" data-id=\"ee778ef\" data-element_type=\"section\" data-e-type=\"section\">\n\t\t\t\t\t\t<div class=\"elementor-container elementor-column-gap-default\">\n\t\t\t\t\t<div class=\"elementor-column elementor-col-100 elementor-top-column elementor-element elementor-element-167f9d5\" data-id=\"167f9d5\" data-element_type=\"column\" data-e-type=\"column\">\n\t\t\t<div class=\"elementor-widget-wrap elementor-element-populated\">\n\t\t\t\t\t\t<div class=\"elementor-element elementor-element-95fa576 elementor-widget elementor-widget-text-editor\" data-id=\"95fa576\" data-element_type=\"widget\" data-e-type=\"widget\" data-widget_type=\"text-editor.default\">\n\t\t\t\t<div class=\"elementor-widget-container\">\n\t\t\t\t\t\t\t\t\t<p><strong><u>POL\u00cdTICA DE COOKIES<\/u><\/strong><\/p><p><strong>Definici\u00f3 de les cookies<\/strong><\/p><p>Una cookie \u00e9s un fitxer que una p\u00e0gina web emmagatzema a un dispositiu amb informaci\u00f3 sobre la seva navegaci\u00f3 o \u00fas.<\/p><p><strong>Tipologia de cookies i finalitats d&#8217;\u00fas<\/strong><\/p><p>A continuaci\u00f3, mostrem una classificaci\u00f3 de les cookies en funci\u00f3 d&#8217;una s\u00e8rie de categories. No obstant aix\u00f2, cal tenir en compte que una mateixa cookie pot estar inclosa en m\u00e9s d&#8217;una categoria.<\/p><ul><li>Segons l&#8217;entitat \u00a0que \u00a0gestioni \u00a0l&#8217;equip \u00a0o \u00a0domini \u00a0des \u00a0d&#8217;on \u00a0s&#8217;envien les cookies \u00a0\u00a0i es \u00a0tractin les dades que s&#8217;obtinguin, es poden distingir:<\/li><li>Cookies pr\u00f2pies: S\u00f3n aquelles que s&#8217;envien a l&#8217;equip terminal de l&#8217;usuari des d&#8217;un equip o domini gestionat per nosaltres.<\/li><li>Cookies de tercers: S\u00f3n aquelles que s&#8217;envien a l&#8217;equip terminal de l&#8217;usuari des d&#8217;un equip o domini que no \u00e9s gestionat per nosaltres, sin\u00f3 per una altra entitat que tracta les dades obtingudes a trav\u00e9s de les cookies.<\/li><li>Segons el termini de temps que romanen actives, es poden distingir:<\/li><li>Cookies de sessi\u00f3: S\u00f3n un tipus de cookies dissenyades per demanar i emmagatzemar dades mentre l&#8217;usuari accedeix a la p\u00e0gina web. S&#8217;utilitzen per emmagatzemar informaci\u00f3 que nom\u00e9s interessa conservar per a la prestaci\u00f3 del servei sol\u00b7licitat per l&#8217;usuari en una sola ocasi\u00f3.<\/li><\/ul><p>Aquestes cookies s&#8217;utilitzen, per exemple, per facilitar la navegaci\u00f3 per la p\u00e0gina web, i per permetre a l&#8217;usuari que ho sol\u00b7licita l&#8217;autenticaci\u00f3 o el manteniment de la sessi\u00f3 en la seva \u00e0rea personal de la p\u00e0gina web. Aquestes cookies de sessi\u00f3 tamb\u00e9 s&#8217;utilitzen per establir mesures de seguretat per protegir l&#8217;usuari davant intents d&#8217;acc\u00e9s no autoritzats a la seva \u00e0rea personal.<\/p><p>Aquestes cookies s\u00f3n temporals i s&#8217;esborren de l&#8217;equip al finalitzar la navegaci\u00f3 per la p\u00e0gina web.<\/p><ul><li>Cookies persistents: S\u00f3n un tipus de cookies en qu\u00e8 les dades segueixen emmagatzemades en el terminal i poden ser accedides i tractades durant un per\u00edode definit pel responsable de la cookie, i que pot anar d&#8217;uns minuts fins a diversos anys.<\/li><li>Segons la seva finalitat es poden distingir:<\/li><li>Cookies t\u00e8cniques: S\u00f3n aquelles que permeten a l&#8217;usuari la navegaci\u00f3 a trav\u00e9s d&#8217;una p\u00e0gina web, plataforma o aplicaci\u00f3 i la utilitzaci\u00f3 de les diferents opcions o serveis que en ella hagi com, per exemple, controlar el tr\u00e0nsit i la comunicaci\u00f3 de dades, identificar la sessi\u00f3, accedir a parts d&#8217;acc\u00e9s restringit, recordar els elements que integren una sol\u00b7licitud, realitzar el proc\u00e9s d&#8217;autoritzaci\u00f3, realitzar la sol\u00b7licitud d&#8217;inscripci\u00f3 o participaci\u00f3 en un esdeveniment, utilitzar elements de seguretat durant la navegaci\u00f3, o emmagatzemar continguts per a la difusi\u00f3 de v\u00eddeos o so o compartir continguts a trav\u00e9s de xarxes socials.<\/li><li>Cookies de personalitzaci\u00f3: S\u00f3n aquelles que permeten a l&#8217;usuari accedir al servei amb algunes caracter\u00edstiques de car\u00e0cter general pre-definides en funci\u00f3 d&#8217;una s\u00e8rie de criteris en el terminal de l&#8217;usuari com serien l&#8217;idioma, el tipus de navegador a trav\u00e9s del qual accedeix a el servei, la configuraci\u00f3 regional des d&#8217;on s&#8217;accedeix a el servei, etc.<\/li><li>Cookies d&#8217;an\u00e0lisi: S\u00f3n aquelles que permeten el seguiment i an\u00e0lisi del comportament dels usuaris que accedeixen al nostre web.<\/li><\/ul><p style=\"font-weight: 400;\">La informaci\u00f3 recollida mitjan\u00e7ant aquest tipus de cookies s&#8217;utilitzen en el mesurament de l&#8217;activitat dels llocs web, aplicaci\u00f3 o plataforma i per a l&#8217;elaboraci\u00f3 de perfils de navegaci\u00f3 dels usuaris d&#8217;aquests llocs, aplicacions i plataformes, per tal d&#8217;introduir millores en funci\u00f3 de l&#8217;an\u00e0lisi de les dades d&#8217;\u00fas que fan els usuaris de el servei.<\/p><ul><li>Cookies de publicitat: Permeten la gesti\u00f3 dels espais publicitaris inclosos en la p\u00e0gina web, aplicaci\u00f3 o plataforma des de la qual presta el servei sol\u00b7licitat en base a criteris com el contingut editat o la freq\u00fc\u00e8ncia en qu\u00e8 es mostren els anuncis.<\/li><li>Publicitat comportamental: Aquestes cookies emmagatzemen informaci\u00f3 del comportament dels usuaris obtinguda a trav\u00e9s de l&#8217;observaci\u00f3 continuada dels seus h\u00e0bits de navegaci\u00f3, el que permet desenvolupar un perfil espec\u00edfic per a mostrar publicitat en funci\u00f3 de la mateixa.<\/li><\/ul><p style=\"font-weight: 400;\"><strong><br \/>\u00bfQuin tipus de cookies utilitza aquesta p\u00e0gina web?<\/strong><\/p>\t\t\t\t\t\t\t\t<\/div>\n\t\t\t\t<\/div>\n\t\t\t\t<div class=\"elementor-element elementor-element-660bdf2 elementor-widget elementor-widget-html\" data-id=\"660bdf2\" data-element_type=\"widget\" data-e-type=\"widget\" data-widget_type=\"html.default\">\n\t\t\t\t<div class=\"elementor-widget-container\">\n\t\t\t\t\t<div class= \"cky-audit-table-element\"><\/div>\t\t\t\t<\/div>\n\t\t\t\t<\/div>\n\t\t\t\t<div class=\"elementor-element elementor-element-154c7d2 elementor-widget elementor-widget-text-editor\" data-id=\"154c7d2\" data-element_type=\"widget\" data-e-type=\"widget\" data-widget_type=\"text-editor.default\">\n\t\t\t\t<div class=\"elementor-widget-container\">\n\t\t\t\t\t\t\t\t\t<p style=\"font-weight: 400;\"><strong>Canvis en la pol\u00edtica<\/strong><\/p><p style=\"font-weight: 400;\">La present Pol\u00edtica de Cookies es podr\u00e0 modificar quan aix\u00ed ho exigeixi la legislaci\u00f3 vigent en cada moment o quan hi hagu\u00e9s alguna variaci\u00f3 en el tipus de cookies utilitzades a la p\u00e0gina web. Per aix\u00f2, li recomanem revisar aquesta pol\u00edtica cada vegada que accedeixi a la nostra p\u00e0gina web amb l&#8217;objectiu d&#8217;estar adequadament informat sobre com i per a qu\u00e8 fem servir les cookies.<\/p><p style=\"font-weight: 400;\">\u00a0<\/p>\t\t\t\t\t\t\t\t<\/div>\n\t\t\t\t<\/div>\n\t\t\t\t\t<\/div>\n\t\t<\/div>\n\t\t\t\t\t<\/div>\n\t\t<\/section>\n\t\t\t\t<\/div>","protected":false},"excerpt":{"rendered":"<p>POL\u00cdTICA DE COOKIES Definici\u00f3 de les cookies Una cookie \u00e9s un fitxer que una p\u00e0gina web emmagatzema a un dispositiu amb informaci\u00f3 sobre la seva navegaci\u00f3 o \u00fas. Tipologia de cookies i finalitats d&#8217;\u00fas A continuaci\u00f3, mostrem una classificaci\u00f3 de les cookies en funci\u00f3 d&#8217;una s\u00e8rie de categories. No obstant aix\u00f2, cal tenir en compte [&hellip;]<\/p>\n","protected":false},"author":1,"featured_media":0,"parent":0,"menu_order":0,"comment_status":"closed","ping_status":"closed","template":"","meta":{"footnotes":""},"class_list":["post-765","page","type-page","status-publish","hentry"],"_links":{"self":[{"href":"https:\/\/www.artiflor.es\/es\/wp-json\/wp\/v2\/pages\/765","targetHints":{"allow":["GET"]}}],"collection":[{"href":"https:\/\/www.artiflor.es\/es\/wp-json\/wp\/v2\/pages"}],"about":[{"href":"https:\/\/www.artiflor.es\/es\/wp-json\/wp\/v2\/types\/page"}],"author":[{"embeddable":true,"href":"https:\/\/www.artiflor.es\/es\/wp-json\/wp\/v2\/users\/1"}],"replies":[{"embeddable":true,"href":"https:\/\/www.artiflor.es\/es\/wp-json\/wp\/v2\/comments?post=765"}],"version-history":[{"count":12,"href":"https:\/\/www.artiflor.es\/es\/wp-json\/wp\/v2\/pages\/765\/revisions"}],"predecessor-version":[{"id":1175,"href":"https:\/\/www.artiflor.es\/es\/wp-json\/wp\/v2\/pages\/765\/revisions\/1175"}],"wp:attachment":[{"href":"https:\/\/www.artiflor.es\/es\/wp-json\/wp\/v2\/media?parent=765"}],"curies":[{"name":"wp","href":"https:\/\/api.w.org\/{rel}","templated":true}]}}