{"id":754,"date":"2023-07-03T11:22:55","date_gmt":"2023-07-03T09:22:55","guid":{"rendered":"http:\/\/artiflor.es\/?page_id=754"},"modified":"2024-03-20T12:48:44","modified_gmt":"2024-03-20T11:48:44","slug":"avis-legal","status":"publish","type":"page","link":"https:\/\/www.artiflor.es\/es\/avis-legal\/","title":{"rendered":"Aviso legal"},"content":{"rendered":"<div data-elementor-type=\"wp-page\" data-elementor-id=\"754\" class=\"elementor elementor-754\" data-elementor-post-type=\"page\">\n\t\t\t\t\t\t<section class=\"elementor-section elementor-top-section elementor-element elementor-element-f414748 elementor-section-boxed elementor-section-height-default elementor-section-height-default\" data-id=\"f414748\" data-element_type=\"section\" data-e-type=\"section\">\n\t\t\t\t\t\t<div class=\"elementor-container elementor-column-gap-default\">\n\t\t\t\t\t<div class=\"elementor-column elementor-col-100 elementor-top-column elementor-element elementor-element-477df7f\" data-id=\"477df7f\" data-element_type=\"column\" data-e-type=\"column\">\n\t\t\t<div class=\"elementor-widget-wrap elementor-element-populated\">\n\t\t\t\t\t\t<div class=\"elementor-element elementor-element-12ec178 elementor-widget elementor-widget-text-editor\" data-id=\"12ec178\" data-element_type=\"widget\" data-e-type=\"widget\" data-widget_type=\"text-editor.default\">\n\t\t\t\t<div class=\"elementor-widget-container\">\n\t\t\t\t\t\t\t\t\t<p><\/p>\n<p><strong><u>AV\u00cdS LEGAL<\/u><\/strong><\/p>\n<ol>\n<li><strong><u>TITULARITAT<\/u>.<\/strong><\/li>\n<\/ol>\n<p>El \u00a0present \u00a0av\u00eds legal regula les condicions d\u2019acc\u00e9s, navegaci\u00f3 i \u00fas de la p\u00e0gina web <a href=\"https:\/\/www.artiflor.es\/es\/\" target=\"_blank\" rel=\"noopener\">http:\/\/artiflor.es\/<\/a> (d\u2019ara endavant, la \u201cP\u00e0gina Web\u201d) gestionada per:<\/p>\n<p>LOURDES BLANCO ESQUENA (d\u2019ara endavant, \u201cArt i Flor\u201d).<\/p>\n<p>Carrer Sobrevila, 22 (17131) Rupi\u00e0 (Girona).<\/p>\n<p>E-mail de contacte: <a href=\"mailto:info@artiflor.es\">info@artiflor.es<\/a><\/p>\n<p>NIF: B-17662602<\/p>\n<ol start=\"2\">\n<li><strong><u>OBJECTE<\/u>.<\/strong><\/li>\n<\/ol>\n<p>La P\u00e0gina Web pret\u00e9n oferir als seus usuaris la possibilitat de posar-se en contacte i de consultar informaci\u00f3 sobre els serveis que presta Art i Flor.<\/p>\n<ol start=\"3\">\n<li><strong><u>APLICACI\u00d3 I VIG\u00c8NCIA<\/u><\/strong><\/li>\n<\/ol>\n<p>L\u2019av\u00eds legal es mantindr\u00e0 vigent mentre estigui publicat a la P\u00e0gina Web.<\/p>\n<p>Als efectes del present av\u00eds legal, s\u2019entendr\u00e0 com a usuari qualsevol persona que accedeixi a la P\u00e0gina Web per qualsevol motiu.<\/p>\n<ol start=\"4\">\n<li><strong><u>CONDICIONS D\u2019ACC\u00c9S, NAVEGACI\u00d3 I \u00daS<\/u>.<\/strong><\/li>\n<\/ol>\n<p>L\u2019acc\u00e9s i la navegaci\u00f3 per aquesta P\u00e0gina Web implica que l\u2019usuari ha acceptat totes les condicions del present av\u00eds legal, sense reserves.<\/p>\n<p>L\u2019acc\u00e9s i l\u2019\u00fas d\u2019aquesta P\u00e0gina Web \u00e9s gratu\u00eft. Els usuaris accediran i utilitzaran la P\u00e0gina Web pel seu propi compte, cost i risc, \u00fanica i exclusivament per obtenir informaci\u00f3 d\u2019 Art i Flor i els seus serveis, realitzar consultes i posar-se en contacte amb Art i Flor, abstenint-se d\u2019utilitzar la P\u00e0gina Web per qualsevol altre motiu o en cas de no acceptar alguna o totes les condicions del present av\u00eds legal.<\/p>\n<p>Art i Flor es reserva el dret de suspendre, restringir o interrompre l\u2019acc\u00e9s i l\u2019\u00fas de la P\u00e0gina Web, en qualsevol moment i per qualsevol motiu que consideri oport\u00fa, no assumint en tal cas cap responsabilitat relativa a qualsevol inconveni\u00e8ncia, mol\u00e8stia, indisponiblitat, dany i\/o perjudici generat per l\u2019esmentada suspensi\u00f3, restricci\u00f3 o interrupci\u00f3.<\/p>\n<p>A l\u2019accedir i navegar a la P\u00e0gina Web, l\u2019usuari es compromet, entre d\u2019altres, a no realitzar cap acci\u00f3 o omissi\u00f3 que pugui danyar o disminuir la integritat i\/o la seguretat de la P\u00e0gina Web, a no utilitzar la P\u00e0gina Web per transferir o instal\u00b7lar virus, codis maliciosos o d\u2019altre software perjudicial, aix\u00ed com a no infringir les mesures de seguretat i d\u2019autenticaci\u00f3 implementades a la P\u00e0gina Web o a qualsevol altra xarxa connectada a ella. Durant l\u2019acc\u00e9s, navegaci\u00f3 i \u00fas de la P\u00e0gina Web, els usuaris es comprometen a actuar de conformitat amb la llei i el present av\u00eds legal en tot moment, tot respectant els drets d\u2019Art i Flor, i de tercers, i evitant provocar un dany i\/o perjudici a la P\u00e0gina Web, als altres usuaris de la mateixa, a Art i Flor, i\/o a qualsevol tercer.<\/p>\n<p>Si l\u2019usuari, al posar-se en contacte amb Art i Flor, li remet dades, informaci\u00f3, documentaci\u00f3 o arxius de qualsevol tipus a trav\u00e9s dels canals de contacte habilitats a la P\u00e0gina Web, l\u2019usuari garanteix que estar\u00e0 legitimat, i que no provocaran cap dany i\/o perjudici a la P\u00e0gina Web, a Art i Flor, i\/o a tercers.<\/p>\n<p>Queda expressament prohibida la reproducci\u00f3 total o parcial d\u2019aquesta P\u00e0gina Web, ni tant sols mitjan\u00e7ant hiperenlla\u00e7, sense l\u2019autoritzaci\u00f3 pr\u00e8via i per escrit d\u2019Art i Flor. Aix\u00ed mateix, queda absolutament prohibit que els usuaris incloguin un enlla\u00e7 a la P\u00e0gina Web des d\u2019altres continguts, incloent sense limitaci\u00f3, continguts il\u00b7legals, obscens, degradants, ofensius i\/o contraris als drets humans.<\/p>\n<p>L\u2019usuari ser\u00e0 l\u2019\u00fanic responsable de qualsevol dany i\/o perjudici causat a Art i Flor, aix\u00ed com a qualsevol tercer, mantenint-los \u00edntegrament indemnes, degut a l\u2019incompliment per part de l\u2019usuari de les obligacions imposades per la llei i\/o des les condicions estipulades al present av\u00eds legal. Art i Flor es reserva el dret d\u2019adoptar les mesures necess\u00e0ries en cas de donar-se aquests incompliments, les quals no atorgaran en cap cas un dret a l\u2019usuari a rebre cap tipus de rescabalament.<\/p>\n<ol start=\"5\">\n<li><strong><u>RESPONSABILITATS I GARANTIES<\/u>.<\/strong><\/li>\n<\/ol>\n<p>Art i Flor no estar\u00e0 obligada en cap moment a garantir la disponibilitat ininterrompuda de la P\u00e0gina Web; ni la impossibilitat d\u2019una vulneraci\u00f3 de la P\u00e0gina Web i\/o de les seves mesures de seguretat; ni l\u2019exactitud, l\u2019adequaci\u00f3 al prop\u00f2sit, el rendiment ni la utilitat de la informaci\u00f3 i\/o els serveis als qual l\u2019usuari podr\u00e0 accedir a trav\u00e9s de la P\u00e0gina Web; ni de l\u2019abs\u00e8ncia de virus o codis maliciosos.<\/p>\n<p>Art i Flor no assumeix cap responsabilitat en cas de possibles interrupcions, errors, fallades, retards, incid\u00e8ncies, danys i\/o perjudicis ocasionats en l\u2019acc\u00e9s i\/o \u00fas de la P\u00e0gina Web, ni tampoc als seus continguts. Art i Flor no es responsabilitzar\u00e0 de que els continguts de la P\u00e0gina Web es trobin actualitzats.<\/p>\n<p>Art i Flor no ser\u00e0 responsable de l\u2019acc\u00e9s, navegaci\u00f3 i \u00fas que puguin realitzar els usuaris a la P\u00e0gina Web i, en conseq\u00fc\u00e8ncia, tampoc de cap dany i\/o perjudici que aquests puguin ocasionar i\/o promoure els usuaris, directa o indirectament.<\/p>\n<ol start=\"6\">\n<li><strong><u>PROPIETAT INTEL\u00b7LECTUAL I INDUSTRIAL<\/u><\/strong><\/li>\n<\/ol>\n<p>La P\u00e0gina Web, la informaci\u00f3 relativa a Art i Flor i els seus serveis, el nom del domini, les funcionalitats, textos, documents, fotografies, v\u00eddeos i codi font de la P\u00e0gina Web aix\u00ed com els logotips, marques, noms comercials i qualsevol altre signe distintiu utilitzat a la P\u00e0gina Web constitueixen drets de propietat intel\u00b7lectual i\/o industrial d\u2019Art i Flor, de les quals s\u00f3n titulars o llicenciat\u00e0ries leg\u00edtimes respectivament. Els usuaris no realitzaran cap \u00fas dels mateixos sense autoritzaci\u00f3 pr\u00e8via i per escrit d\u2019Art i Flor.<\/p>\n<p style=\"font-weight: 400;\">La c\u00f2pia, cessi\u00f3, reproducci\u00f3, revenda, registre, distribuci\u00f3, transformaci\u00f3, posada a disposici\u00f3 del p\u00fablic, explotaci\u00f3 i\/o \u00fas comercial dels drets de propietat intel\u00b7lectual i industrial d\u2019 Art i Flor de la qual s\u00f3n titulars o llicenciataris leg\u00edtims, aix\u00ed com qualsevol acci\u00f3 que pugui realitzar amb la informaci\u00f3 obtinguda a trav\u00e9s de la P\u00e0gina Web, generaran les responsabilitats i efectes regulats a la llei, excepte quan Art i Flor ho hagi autoritzat per escrit.<\/p>\n<p style=\"font-weight: 400;\">L\u2019aparici\u00f3 a la P\u00e0gina Web dels drets de propietat intel\u00b7lectual i industrial de la que Art i Flor \u00e9s titular o llicenciat\u00e0ri leg\u00edtim, no suposa l\u2019atorgament ni la concessi\u00f3 de cap llic\u00e8ncia i\/o dret sobre cap d\u2019ells. Els usuaris s\u2019abstindran d\u2019alterar o eliminar qualsevol signe d\u2019identificaci\u00f3 dels titulars d\u2019aquests drets dels continguts publicats a la P\u00e0gina Web.<\/p>\n<ol start=\"7\">\n<li><strong><u>MODIFICACIONS<\/u>.<\/strong><\/li>\n<\/ol>\n<p style=\"font-weight: 400;\">Art i Flor es reserva la facultat de modificar la P\u00e0gina Web i\/o el present av\u00eds legal, en qualsevol moment i segons el seu propi criteri, sense necessitar d\u2019advertir ni d\u2019obtenir cap consentiment pr\u00e8viament. L\u2019acc\u00e9s a la P\u00e0gina Web posterior a una modificaci\u00f3 de la mateixa i\/o de les condicions de l\u2019av\u00eds legal suposaran l\u2019acceptaci\u00f3 d\u2019aquestes \u00faltimes per l\u2019usuari.<\/p>\n<p style=\"font-weight: 400;\">En cas que alguna de les condicions del present av\u00eds legal fos declarada nul\u00b7la i sense efectes, la resta de cl\u00e0usules es mantindran plenament vigents.<\/p>\n<ol start=\"8\">\n<li><strong><u>PROTECCI\u00d3 DE DADES DE CAR\u00c0CTER PERSONAL<\/u>.<\/strong><\/li>\n<\/ol>\n<p style=\"font-weight: 400;\">La pol\u00edtica de privacitat de la P\u00e0gina Web es pot consultar <a href=\"\/es\/politica-de-privacitat\/\">aqu\u00ed<\/a>.<\/p>\n<ol start=\"9\">\n<li><strong><u>COOKIES<\/u>.<\/strong><\/li>\n<\/ol>\n<p style=\"font-weight: 400;\">La pol\u00edtica de cookies de la P\u00e0gina Web es pot consultar <a href=\"\/es\/politica-de-cookies\/\">aqu\u00ed<\/a>.<\/p>\n<ol start=\"10\">\n<li><strong><u>LLEI APLICABLE I JURISDICCI\u00d3<\/u>.<\/strong><\/li>\n<\/ol>\n<p style=\"font-weight: 400;\">L\u2019acc\u00e9s, la navegaci\u00f3 i l\u2019\u00fas de la P\u00e0gina Web es regiran per la legislaci\u00f3 espanyola.<\/p>\n<p style=\"font-weight: 400;\">Si l\u2019usuari \u00e9s un consumidor segons la definici\u00f3 estipulada pel Reial Decret Legislatiu 1\/2007, de 16 de novembre, pel qual s\u2019aprova el text ref\u00f3s de la Llei General Per la Defensa de Consumidors i Usuaris (\u00e9s a dir, \u00e9s una persona que actua amb un prop\u00f2sit ali\u00e8 a la seva activitat comercial, empresarial, ofici o professi\u00f3), qualsevol conflicte, controv\u00e8rsia o desavinen\u00e7a originat i\/o relacionat amb la P\u00e0gina Web i\/o el present av\u00eds legal, als tribunals i jutjats de la ciutat corresponent al domicili de l\u2019usuari consumidor. No obstant l\u2019anterior, si l\u2019usuari no \u00e9s un consumidor, aleshores es sotmetr\u00e0 a la jurisdicci\u00f3 dels tribunals i jutjats de la ciutat de Vic (Barcelona).<\/p>\n<p><\/p>\t\t\t\t\t\t\t\t<\/div>\n\t\t\t\t<\/div>\n\t\t\t\t\t<\/div>\n\t\t<\/div>\n\t\t\t\t\t<\/div>\n\t\t<\/section>\n\t\t\t\t<\/div>","protected":false},"excerpt":{"rendered":"<p>AV\u00cdS LEGAL TITULARITAT. El \u00a0present \u00a0av\u00eds legal regula les condicions d\u2019acc\u00e9s, navegaci\u00f3 i \u00fas de la p\u00e0gina web http:\/\/artiflor.es\/ (d\u2019ara endavant, la \u201cP\u00e0gina Web\u201d) gestionada per: LOURDES BLANCO ESQUENA (d\u2019ara endavant, \u201cArt i Flor\u201d). Carrer Sobrevila, 22 (17131) Rupi\u00e0 (Girona). E-mail de contacte: info@artiflor.es NIF: B-17662602 OBJECTE. La P\u00e0gina Web pret\u00e9n oferir als seus usuaris [&hellip;]<\/p>\n","protected":false},"author":1,"featured_media":0,"parent":0,"menu_order":0,"comment_status":"closed","ping_status":"closed","template":"","meta":{"footnotes":""},"class_list":["post-754","page","type-page","status-publish","hentry"],"_links":{"self":[{"href":"https:\/\/www.artiflor.es\/es\/wp-json\/wp\/v2\/pages\/754","targetHints":{"allow":["GET"]}}],"collection":[{"href":"https:\/\/www.artiflor.es\/es\/wp-json\/wp\/v2\/pages"}],"about":[{"href":"https:\/\/www.artiflor.es\/es\/wp-json\/wp\/v2\/types\/page"}],"author":[{"embeddable":true,"href":"https:\/\/www.artiflor.es\/es\/wp-json\/wp\/v2\/users\/1"}],"replies":[{"embeddable":true,"href":"https:\/\/www.artiflor.es\/es\/wp-json\/wp\/v2\/comments?post=754"}],"version-history":[{"count":7,"href":"https:\/\/www.artiflor.es\/es\/wp-json\/wp\/v2\/pages\/754\/revisions"}],"predecessor-version":[{"id":1144,"href":"https:\/\/www.artiflor.es\/es\/wp-json\/wp\/v2\/pages\/754\/revisions\/1144"}],"wp:attachment":[{"href":"https:\/\/www.artiflor.es\/es\/wp-json\/wp\/v2\/media?parent=754"}],"curies":[{"name":"wp","href":"https:\/\/api.w.org\/{rel}","templated":true}]}}