{"id":504,"date":"2023-06-20T12:29:54","date_gmt":"2023-06-20T10:29:54","guid":{"rendered":"http:\/\/artiflor.es\/?page_id=504"},"modified":"2023-07-04T18:08:40","modified_gmt":"2023-07-04T16:08:40","slug":"nosaltres","status":"publish","type":"page","link":"https:\/\/www.artiflor.es\/en\/nosaltres\/","title":{"rendered":"Our story"},"content":{"rendered":"<div data-elementor-type=\"wp-page\" data-elementor-id=\"504\" class=\"elementor elementor-504\" data-elementor-post-type=\"page\">\n\t\t\t\t<div class=\"elementor-element elementor-element-3f28502 e-con-full animated-slow e-flex elementor-invisible e-con e-parent\" data-id=\"3f28502\" data-element_type=\"container\" data-e-type=\"container\" data-settings=\"{&quot;background_background&quot;:&quot;classic&quot;,&quot;animation&quot;:&quot;fadeIn&quot;}\">\n\t\t\t\t<div class=\"elementor-element elementor-element-7b9e0e3 elementor-invisible elementor-widget elementor-widget-heading\" data-id=\"7b9e0e3\" data-element_type=\"widget\" data-e-type=\"widget\" data-settings=\"{&quot;_animation&quot;:&quot;fadeInUp&quot;,&quot;_animation_delay&quot;:450}\" data-widget_type=\"heading.default\">\n\t\t\t\t<div class=\"elementor-widget-container\">\n\t\t\t\t\t<h2 class=\"elementor-heading-title elementor-size-default\">Our story<\/h2>\t\t\t\t<\/div>\n\t\t\t\t<\/div>\n\t\t\t\t<\/div>\n\t\t<div class=\"elementor-element elementor-element-37f1cd1 e-con-full e-flex elementor-invisible e-con e-parent\" data-id=\"37f1cd1\" data-element_type=\"container\" data-e-type=\"container\" data-settings=\"{&quot;animation&quot;:&quot;fadeIn&quot;}\">\n\t\t<div class=\"elementor-element elementor-element-426fd40 e-con-full e-flex e-con e-parent\" data-id=\"426fd40\" data-element_type=\"container\" data-e-type=\"container\">\n\t\t\t\t<div class=\"elementor-element elementor-element-99d35e3 elementor-widget__width-initial elementor-absolute elementor-widget elementor-widget-image\" data-id=\"99d35e3\" data-element_type=\"widget\" data-e-type=\"widget\" data-settings=\"{&quot;_position&quot;:&quot;absolute&quot;}\" data-widget_type=\"image.default\">\n\t\t\t\t<div class=\"elementor-widget-container\">\n\t\t\t\t\t\t\t\t\t\t\t\t\t\t\t<img decoding=\"async\" width=\"1\" height=\"1\" src=\"https:\/\/www.artiflor.es\/wp-content\/uploads\/2023\/06\/Recurso-2.svg\" class=\"attachment-large size-large wp-image-466\" alt=\"\" \/>\t\t\t\t\t\t\t\t\t\t\t\t\t\t\t<\/div>\n\t\t\t\t<\/div>\n\t\t\t\t<div class=\"elementor-element elementor-element-acae8d1 elementor-widget__width-initial elementor-widget elementor-widget-image\" data-id=\"acae8d1\" data-element_type=\"widget\" data-e-type=\"widget\" data-widget_type=\"image.default\">\n\t\t\t\t<div class=\"elementor-widget-container\">\n\t\t\t\t\t\t\t\t\t\t\t\t\t\t\t<img decoding=\"async\" src=\"https:\/\/www.artiflor.es\/wp-content\/uploads\/2023\/06\/ARTIFLOR-logo.svg\" class=\"attachment-full size-full wp-image-598\" alt=\"Art i flor floristes casaments\" \/>\t\t\t\t\t\t\t\t\t\t\t\t\t\t\t<\/div>\n\t\t\t\t<\/div>\n\t\t\t\t<\/div>\n\t\t<div class=\"elementor-element elementor-element-9b19cf0 e-con-full e-flex e-con e-parent\" data-id=\"9b19cf0\" data-element_type=\"container\" data-e-type=\"container\">\n\t\t\t\t<div class=\"elementor-element elementor-element-122afa8 elementor-widget__width-initial elementor-widget elementor-widget-heading\" data-id=\"122afa8\" data-element_type=\"widget\" data-e-type=\"widget\" data-widget_type=\"heading.default\">\n\t\t\t\t<div class=\"elementor-widget-container\">\n\t\t\t\t\t<h2 class=\"elementor-heading-title elementor-size-default\">Let us work for you to bring your vision to life<\/h2>\t\t\t\t<\/div>\n\t\t\t\t<\/div>\n\t\t\t\t<div class=\"elementor-element elementor-element-f5caecc elementor-widget elementor-widget-text-editor\" data-id=\"f5caecc\" data-element_type=\"widget\" data-e-type=\"widget\" data-widget_type=\"text-editor.default\">\n\t\t\t\t<div class=\"elementor-widget-container\">\n\t\t\t\t\t\t\t\t\t<p>We cannot talk about Art i Flor without referring to Pepita Esquena, who started this adventure by opening a store of decorative materials and plants in Torroella de Montgr\u00ed.<br \/>Thanks to the love and dedication he devoted to the project, he passed on this same passion to both his daughter Lourdes and his granddaughter Merc\u00e8, so that today we can talk about three generations dedicated to the floral world.<\/p><p>From our floral workshop, located on the outskirts of the village of Rupi\u00e0, we create unique and creative floral experiences for weddings, events or any special occasion.<span class=\"Apple-converted-space\">\u00a0<\/span><\/p>\t\t\t\t\t\t\t\t<\/div>\n\t\t\t\t<\/div>\n\t\t\t\t<\/div>\n\t\t\t\t<\/div>\n\t\t<div class=\"elementor-element elementor-element-ed3d515 e-flex e-con-boxed elementor-invisible e-con e-parent\" data-id=\"ed3d515\" data-element_type=\"container\" data-e-type=\"container\" data-settings=\"{&quot;background_background&quot;:&quot;classic&quot;,&quot;animation&quot;:&quot;fadeIn&quot;}\">\n\t\t\t\t\t<div class=\"e-con-inner\">\n\t\t\t\t<div class=\"elementor-element elementor-element-87377f4 elementor-widget elementor-widget-spacer\" data-id=\"87377f4\" data-element_type=\"widget\" data-e-type=\"widget\" data-widget_type=\"spacer.default\">\n\t\t\t\t<div class=\"elementor-widget-container\">\n\t\t\t\t\t\t\t<div class=\"elementor-spacer\">\n\t\t\t<div class=\"elementor-spacer-inner\"><\/div>\n\t\t<\/div>\n\t\t\t\t\t\t<\/div>\n\t\t\t\t<\/div>\n\t\t\t\t\t<\/div>\n\t\t\t\t<\/div>\n\t\t<div class=\"elementor-element elementor-element-8ebc8ea e-flex e-con-boxed elementor-invisible e-con e-parent\" data-id=\"8ebc8ea\" data-element_type=\"container\" data-e-type=\"container\" data-settings=\"{&quot;background_background&quot;:&quot;classic&quot;,&quot;animation&quot;:&quot;fadeInUp&quot;}\">\n\t\t\t\t\t<div class=\"e-con-inner\">\n\t\t\t\t<div class=\"elementor-element elementor-element-ec1e70d elementor-widget__width-initial elementor-widget elementor-widget-heading\" data-id=\"ec1e70d\" data-element_type=\"widget\" data-e-type=\"widget\" data-widget_type=\"heading.default\">\n\t\t\t\t<div class=\"elementor-widget-container\">\n\t\t\t\t\t<h3 class=\"elementor-heading-title elementor-size-default\">From our crop to your special occasion<\/h3>\t\t\t\t<\/div>\n\t\t\t\t<\/div>\n\t\t\t\t\t<\/div>\n\t\t\t\t<\/div>\n\t\t<div class=\"elementor-element elementor-element-25ff86a e-con-full e-flex elementor-invisible e-con e-parent\" data-id=\"25ff86a\" data-element_type=\"container\" data-e-type=\"container\" data-settings=\"{&quot;animation&quot;:&quot;fadeIn&quot;}\">\n\t\t<div class=\"elementor-element elementor-element-8cd3d6b e-con-full e-flex e-con e-parent\" data-id=\"8cd3d6b\" data-element_type=\"container\" data-e-type=\"container\">\n\t\t<div class=\"elementor-element elementor-element-8967c79 e-con-full e-flex e-con e-parent\" data-id=\"8967c79\" data-element_type=\"container\" data-e-type=\"container\">\n\t\t\t\t<div class=\"elementor-element elementor-element-586ae77 elementor-widget elementor-widget-heading\" data-id=\"586ae77\" data-element_type=\"widget\" data-e-type=\"widget\" data-widget_type=\"heading.default\">\n\t\t\t\t<div class=\"elementor-widget-container\">\n\t\t\t\t\t<h2 class=\"elementor-heading-title elementor-size-default\">Small businesses value<\/h2>\t\t\t\t<\/div>\n\t\t\t\t<\/div>\n\t\t\t\t<div class=\"elementor-element elementor-element-fcac3f2 elementor-widget elementor-widget-heading\" data-id=\"fcac3f2\" data-element_type=\"widget\" data-e-type=\"widget\" data-widget_type=\"heading.default\">\n\t\t\t\t<div class=\"elementor-widget-container\">\n\t\t\t\t\t<h2 class=\"elementor-heading-title elementor-size-default\">All the delicacy of handmade things<\/h2>\t\t\t\t<\/div>\n\t\t\t\t<\/div>\n\t\t\t\t<div class=\"elementor-element elementor-element-5e71de5 elementor-widget elementor-widget-text-editor\" data-id=\"5e71de5\" data-element_type=\"widget\" data-e-type=\"widget\" data-widget_type=\"text-editor.default\">\n\t\t\t\t<div class=\"elementor-widget-container\">\n\t\t\t\t\t\t\t\t\t<p>We love our work, and the fact is that we both enjoy designing, testing and executing floral projects as diverse, creative and artisanal as those offered by the wedding sector.<\/p><p>It is very rewarding to be able to use the flowers that you grow yourself, for our floral creations. It is a world that fascinates us from beginning to end, and inspires us deeply.<\/p><p>With each arrangement, we transfer the love and beauty of nature into spaces, making every moment magical and unforgettable. Our dedication and attention to detail set us apart, and we work tirelessly to bring a dose of elegance and sophistication to every occasion.<\/p>\t\t\t\t\t\t\t\t<\/div>\n\t\t\t\t<\/div>\n\t\t\t\t<div class=\"elementor-element elementor-element-e3855be elementor-invisible elementor-widget elementor-widget-button\" data-id=\"e3855be\" data-element_type=\"widget\" data-e-type=\"widget\" data-settings=\"{&quot;_animation&quot;:&quot;fadeInUp&quot;,&quot;_animation_delay&quot;:400}\" data-widget_type=\"button.default\">\n\t\t\t\t<div class=\"elementor-widget-container\">\n\t\t\t\t\t\t\t\t\t<div class=\"elementor-button-wrapper\">\n\t\t\t\t\t<a class=\"elementor-button elementor-button-link elementor-size-sm elementor-animation-grow\" href=\"\/en\/les-flors\/\">\n\t\t\t\t\t\t<span class=\"elementor-button-content-wrapper\">\n\t\t\t\t\t\t\t\t\t<span class=\"elementor-button-text\">Weddings<\/span>\n\t\t\t\t\t<\/span>\n\t\t\t\t\t<\/a>\n\t\t\t\t<\/div>\n\t\t\t\t\t\t\t\t<\/div>\n\t\t\t\t<\/div>\n\t\t\t\t<\/div>\n\t\t<div class=\"elementor-element elementor-element-5354585 e-con-full e-flex e-con e-parent\" data-id=\"5354585\" data-element_type=\"container\" data-e-type=\"container\">\n\t\t\t\t<div class=\"elementor-element elementor-element-6f79879 elementor-widget elementor-widget-gallery\" data-id=\"6f79879\" data-element_type=\"widget\" data-e-type=\"widget\" data-settings=\"{&quot;gallery_layout&quot;:&quot;masonry&quot;,&quot;columns&quot;:3,&quot;lazyload&quot;:&quot;yes&quot;,&quot;columns_tablet&quot;:2,&quot;columns_mobile&quot;:1,&quot;gap&quot;:{&quot;unit&quot;:&quot;px&quot;,&quot;size&quot;:10,&quot;sizes&quot;:[]},&quot;gap_tablet&quot;:{&quot;unit&quot;:&quot;px&quot;,&quot;size&quot;:10,&quot;sizes&quot;:[]},&quot;gap_mobile&quot;:{&quot;unit&quot;:&quot;px&quot;,&quot;size&quot;:10,&quot;sizes&quot;:[]},&quot;link_to&quot;:&quot;file&quot;,&quot;overlay_background&quot;:&quot;yes&quot;,&quot;content_hover_animation&quot;:&quot;fade-in&quot;}\" data-widget_type=\"gallery.default\">\n\t\t\t\t<div class=\"elementor-widget-container\">\n\t\t\t\t\t\t\t<div class=\"elementor-gallery__container\">\n\t\t\t\t\t\t\t<a class=\"e-gallery-item elementor-gallery-item elementor-animated-content\" href=\"https:\/\/www.artiflor.es\/wp-content\/uploads\/2023\/06\/IMG-20230518-WA0007-scaled.jpg\" data-elementor-open-lightbox=\"yes\" data-elementor-lightbox-slideshow=\"6f79879\" data-e-action-hash=\"#elementor-action%3Aaction%3Dlightbox%26settings%3DeyJpZCI6NDY0LCJ1cmwiOiJodHRwczpcL1wvd3d3LmFydGlmbG9yLmVzXC93cC1jb250ZW50XC91cGxvYWRzXC8yMDIzXC8wNlwvSU1HLTIwMjMwNTE4LVdBMDAwNy1zY2FsZWQuanBnIiwic2xpZGVzaG93IjoiNmY3OTg3OSJ9\">\n\t\t\t\t\t<div class=\"e-gallery-image elementor-gallery-item__image\" data-thumbnail=\"https:\/\/www.artiflor.es\/wp-content\/uploads\/2023\/06\/IMG-20230518-WA0007-768x1153.jpg\" data-width=\"768\" data-height=\"1153\" aria-label=\"Art i flor: Cultiu i creacions florals\" role=\"img\" ><\/div>\n\t\t\t\t\t\t\t\t\t\t\t<div class=\"elementor-gallery-item__overlay\"><\/div>\n\t\t\t\t\t\t\t\t\t\t\t\t\t\t<\/a>\n\t\t\t\t\t\t\t<a class=\"e-gallery-item elementor-gallery-item elementor-animated-content\" href=\"https:\/\/www.artiflor.es\/wp-content\/uploads\/2023\/06\/IMG-20220620-WA0004.jpg\" data-elementor-open-lightbox=\"yes\" data-elementor-lightbox-slideshow=\"6f79879\" data-e-action-hash=\"#elementor-action%3Aaction%3Dlightbox%26settings%3DeyJpZCI6NDM0LCJ1cmwiOiJodHRwczpcL1wvd3d3LmFydGlmbG9yLmVzXC93cC1jb250ZW50XC91cGxvYWRzXC8yMDIzXC8wNlwvSU1HLTIwMjIwNjIwLVdBMDAwNC5qcGciLCJzbGlkZXNob3ciOiI2Zjc5ODc5In0%3D\">\n\t\t\t\t\t<div class=\"e-gallery-image elementor-gallery-item__image\" data-thumbnail=\"https:\/\/www.artiflor.es\/wp-content\/uploads\/2023\/06\/IMG-20220620-WA0004.jpg\" data-width=\"768\" data-height=\"1024\" aria-label=\"\" role=\"img\" ><\/div>\n\t\t\t\t\t\t\t\t\t\t\t<div class=\"elementor-gallery-item__overlay\"><\/div>\n\t\t\t\t\t\t\t\t\t\t\t\t\t\t<\/a>\n\t\t\t\t\t\t\t<a class=\"e-gallery-item elementor-gallery-item elementor-animated-content\" href=\"https:\/\/www.artiflor.es\/wp-content\/uploads\/2023\/06\/IMG-20220620-WA0005.jpg\" data-elementor-open-lightbox=\"yes\" data-elementor-lightbox-slideshow=\"6f79879\" data-e-action-hash=\"#elementor-action%3Aaction%3Dlightbox%26settings%3DeyJpZCI6NDM1LCJ1cmwiOiJodHRwczpcL1wvd3d3LmFydGlmbG9yLmVzXC93cC1jb250ZW50XC91cGxvYWRzXC8yMDIzXC8wNlwvSU1HLTIwMjIwNjIwLVdBMDAwNS5qcGciLCJzbGlkZXNob3ciOiI2Zjc5ODc5In0%3D\">\n\t\t\t\t\t<div class=\"e-gallery-image elementor-gallery-item__image\" data-thumbnail=\"https:\/\/www.artiflor.es\/wp-content\/uploads\/2023\/06\/IMG-20220620-WA0005.jpg\" data-width=\"768\" data-height=\"1024\" aria-label=\"\" role=\"img\" ><\/div>\n\t\t\t\t\t\t\t\t\t\t\t<div class=\"elementor-gallery-item__overlay\"><\/div>\n\t\t\t\t\t\t\t\t\t\t\t\t\t\t<\/a>\n\t\t\t\t\t\t\t<a class=\"e-gallery-item elementor-gallery-item elementor-animated-content\" href=\"https:\/\/www.artiflor.es\/wp-content\/uploads\/2023\/06\/IMG-20220326-WA0004.jpg\" data-elementor-open-lightbox=\"yes\" data-elementor-lightbox-slideshow=\"6f79879\" data-e-action-hash=\"#elementor-action%3Aaction%3Dlightbox%26settings%3DeyJpZCI6NDMyLCJ1cmwiOiJodHRwczpcL1wvd3d3LmFydGlmbG9yLmVzXC93cC1jb250ZW50XC91cGxvYWRzXC8yMDIzXC8wNlwvSU1HLTIwMjIwMzI2LVdBMDAwNC5qcGciLCJzbGlkZXNob3ciOiI2Zjc5ODc5In0%3D\">\n\t\t\t\t\t<div class=\"e-gallery-image elementor-gallery-item__image\" data-thumbnail=\"https:\/\/www.artiflor.es\/wp-content\/uploads\/2023\/06\/IMG-20220326-WA0004.jpg\" data-width=\"768\" data-height=\"1024\" aria-label=\"\" role=\"img\" ><\/div>\n\t\t\t\t\t\t\t\t\t\t\t<div class=\"elementor-gallery-item__overlay\"><\/div>\n\t\t\t\t\t\t\t\t\t\t\t\t\t\t<\/a>\n\t\t\t\t\t\t\t<a class=\"e-gallery-item elementor-gallery-item elementor-animated-content\" href=\"https:\/\/www.artiflor.es\/wp-content\/uploads\/2023\/06\/IMG-20220711-WA0008-e1688122516204.jpg\" data-elementor-open-lightbox=\"yes\" data-elementor-lightbox-slideshow=\"6f79879\" data-e-action-hash=\"#elementor-action%3Aaction%3Dlightbox%26settings%3DeyJpZCI6NDM2LCJ1cmwiOiJodHRwczpcL1wvd3d3LmFydGlmbG9yLmVzXC93cC1jb250ZW50XC91cGxvYWRzXC8yMDIzXC8wNlwvSU1HLTIwMjIwNzExLVdBMDAwOC1lMTY4ODEyMjUxNjIwNC5qcGciLCJzbGlkZXNob3ciOiI2Zjc5ODc5In0%3D\">\n\t\t\t\t\t<div class=\"e-gallery-image elementor-gallery-item__image\" data-thumbnail=\"https:\/\/www.artiflor.es\/wp-content\/uploads\/2023\/06\/IMG-20220711-WA0008-e1688122516204.jpg\" data-width=\"768\" data-height=\"655\" aria-label=\"\" role=\"img\" ><\/div>\n\t\t\t\t\t\t\t\t\t\t\t<div class=\"elementor-gallery-item__overlay\"><\/div>\n\t\t\t\t\t\t\t\t\t\t\t\t\t\t<\/a>\n\t\t\t\t\t\t\t<a class=\"e-gallery-item elementor-gallery-item elementor-animated-content\" href=\"https:\/\/www.artiflor.es\/wp-content\/uploads\/2023\/06\/Diseno-sin-titulo-4.jpg\" data-elementor-open-lightbox=\"yes\" data-elementor-lightbox-slideshow=\"6f79879\" data-e-action-hash=\"#elementor-action%3Aaction%3Dlightbox%26settings%3DeyJpZCI6NjY2LCJ1cmwiOiJodHRwczpcL1wvd3d3LmFydGlmbG9yLmVzXC93cC1jb250ZW50XC91cGxvYWRzXC8yMDIzXC8wNlwvRGlzZW5vLXNpbi10aXR1bG8tNC5qcGciLCJzbGlkZXNob3ciOiI2Zjc5ODc5In0%3D\">\n\t\t\t\t\t<div class=\"e-gallery-image elementor-gallery-item__image\" data-thumbnail=\"https:\/\/www.artiflor.es\/wp-content\/uploads\/2023\/06\/Diseno-sin-titulo-4-768x538.jpg\" data-width=\"768\" data-height=\"538\" aria-label=\"\" role=\"img\" ><\/div>\n\t\t\t\t\t\t\t\t\t\t\t<div class=\"elementor-gallery-item__overlay\"><\/div>\n\t\t\t\t\t\t\t\t\t\t\t\t\t\t<\/a>\n\t\t\t\t\t<\/div>\n\t\t\t\t\t<\/div>\n\t\t\t\t<\/div>\n\t\t\t\t<\/div>\n\t\t\t\t<\/div>\n\t\t<div class=\"elementor-element elementor-element-53f5c79 e-con-full e-flex e-con e-parent\" data-id=\"53f5c79\" data-element_type=\"container\" data-e-type=\"container\">\n\t\t\t\t<\/div>\n\t\t\t\t<\/div>\n\t\t\t\t<\/div>","protected":false},"excerpt":{"rendered":"<p>Coneix-nos, comparteix i deixa&#8217;ns treballar per tu per a crear la teva visi\u00f3 No podem parlar d&#8217;Art i Flor sense fer refer\u00e8ncia a la\u00a0Pepita\u00a0Esquena, qui va iniciar aquesta aventura obrint una botiga de materials decoratius i plantes a Torroella de Montgr\u00ed. Gr\u00e0cies a l&#8217;estima i dedicaci\u00f3 que va destinar al projecte, a la seva vocaci\u00f3 [&hellip;]<\/p>\n","protected":false},"author":1,"featured_media":410,"parent":0,"menu_order":0,"comment_status":"closed","ping_status":"closed","template":"","meta":{"footnotes":""},"class_list":["post-504","page","type-page","status-publish","has-post-thumbnail","hentry"],"_links":{"self":[{"href":"https:\/\/www.artiflor.es\/en\/wp-json\/wp\/v2\/pages\/504","targetHints":{"allow":["GET"]}}],"collection":[{"href":"https:\/\/www.artiflor.es\/en\/wp-json\/wp\/v2\/pages"}],"about":[{"href":"https:\/\/www.artiflor.es\/en\/wp-json\/wp\/v2\/types\/page"}],"author":[{"embeddable":true,"href":"https:\/\/www.artiflor.es\/en\/wp-json\/wp\/v2\/users\/1"}],"replies":[{"embeddable":true,"href":"https:\/\/www.artiflor.es\/en\/wp-json\/wp\/v2\/comments?post=504"}],"version-history":[{"count":32,"href":"https:\/\/www.artiflor.es\/en\/wp-json\/wp\/v2\/pages\/504\/revisions"}],"predecessor-version":[{"id":804,"href":"https:\/\/www.artiflor.es\/en\/wp-json\/wp\/v2\/pages\/504\/revisions\/804"}],"wp:featuredmedia":[{"embeddable":true,"href":"https:\/\/www.artiflor.es\/en\/wp-json\/wp\/v2\/media\/410"}],"wp:attachment":[{"href":"https:\/\/www.artiflor.es\/en\/wp-json\/wp\/v2\/media?parent=504"}],"curies":[{"name":"wp","href":"https:\/\/api.w.org\/{rel}","templated":true}]}}